{"id":883,"date":"2024-08-04T11:08:42","date_gmt":"2024-08-04T08:08:42","guid":{"rendered":"https:\/\/www.marzinc.com.tr\/?page_id=883"},"modified":"2024-08-26T11:21:15","modified_gmt":"2024-08-26T08:21:15","slug":"haberler","status":"publish","type":"page","link":"https:\/\/www.marzinc.com.tr\/en\/haberler\/","title":{"rendered":"Haberler"},"content":{"rendered":"<div  class='flex_column av-9fr5a-c9c1f804b6ca460979a454eab0050651 av_one_full  avia-builder-el-0  el_before_av_postcontent  avia-builder-el-no-sibling  first flex_column_div  '     ><section  class='av_textblock_section av-lxbkgx38-85b5c17e8b6b22de45a5da1f54b2081f '   itemscope=\"itemscope\" itemtype=\"https:\/\/schema.org\/CreativeWork\" ><div class='avia_textblock'  itemprop=\"text\" ><p><iframe src='https:\/\/widgets.sociablekit.com\/linkedin-page-posts\/iframe\/25445640' frameborder='0' width='100%' height='1000'><\/iframe><\/p>\n<\/div><\/section><\/div>\n[av_section min_height='custom' min_height_pc='25' min_height_px='100px' shadow='no-border-styling' bottom_border='no-border-styling' bottom_border_diagonal_color='#333333' bottom_border_diagonal_direction='' bottom_border_style='' padding='default' custom_margin='0px' custom_margin_sync='true' av-desktop-custom_margin='' av-desktop-custom_margin_sync='true' av-medium-custom_margin='' av-medium-custom_margin_sync='true' av-small-custom_margin='' av-small-custom_margin_sync='true' av-mini-custom_margin='' av-mini-custom_margin_sync='true' svg_div_top='' svg_div_top_color='#333333' svg_div_top_width='100' svg_div_top_height='50' svg_div_top_max_height='none' svg_div_top_opacity='' svg_div_bottom='' svg_div_bottom_color='#333333' svg_div_bottom_width='100' svg_div_bottom_height='50' svg_div_bottom_max_height='none' svg_div_bottom_opacity='' fold_type='' fold_height='' fold_more='Devam\u0131n\u0131 Oku' fold_less='Read less' fold_text_style='' fold_btn_align='' color='main_color' background='bg_color' custom_bg='#67cfbf' background_gradient_direction='vertical' background_gradient_color1='#000000' background_gradient_color2='#ffffff' background_gradient_color3='' src='' attachment='' attachment_size='' attach='fixed' position='center right' repeat='stretch' video='' video_ratio='16:9' overlay_opacity='0.5' overlay_color='#0a0a0a' overlay_pattern='' overlay_custom_pattern='' custom_arrow_bg='' fold_overlay_color='' fold_text_color='' fold_btn_color='light' fold_btn_bg_color='' fold_btn_font_color='' size-btn-text='' av-desktop-font-size-btn-text='' av-medium-font-size-btn-text='' av-small-font-size-btn-text='' av-mini-font-size-btn-text='' fold_timer='' z_index_fold='' css_position_z_index='' av-desktop-css_position_z_index='' av-medium-css_position_z_index='' av-small-css_position_z_index='' av-mini-css_position_z_index='' id='' custom_class='' template_class='' aria_label='' av_element_hidden_in_editor='0' av_uid='av-496ob' sc_version='1.0']\r\n[av_one_full first min_height='av-equal-height-column' vertical_alignment='av-align-middle' space='' row_boxshadow_width='10' row_boxshadow_color='' margin='0px' margin_sync='true' av-desktop-margin='' av-desktop-margin_sync='true' av-medium-margin='' av-medium-margin_sync='true' av-small-margin='' av-small-margin_sync='true' av-mini-margin='' av-mini-margin_sync='true' mobile_breaking='' mobile_column_order='' border='' border_style='solid' border_color='' radius='0px' radius_sync='true' min_col_height='' padding='0px' padding_sync='true' av-desktop-padding='' av-desktop-padding_sync='true' av-medium-padding='' av-medium-padding_sync='true' av-small-padding='' av-small-padding_sync='true' av-mini-padding='' av-mini-padding_sync='true' svg_div_top='' svg_div_top_color='#333333' svg_div_top_width='100' svg_div_top_height='50' svg_div_top_max_height='none' svg_div_top_opacity='' svg_div_bottom='' svg_div_bottom_color='#333333' svg_div_bottom_width='100' svg_div_bottom_height='50' svg_div_bottom_max_height='none' svg_div_bottom_opacity='' fold_type='' fold_height='' fold_more='Devam\u0131n\u0131 Oku' fold_less='Read less' fold_text_style='' fold_btn_align='' column_boxshadow_width='10' column_boxshadow_color='' background='bg_color' background_color='' background_gradient_direction='vertical' background_gradient_color1='#000000' background_gradient_color2='#ffffff' background_gradient_color3='' src='' attachment='' attachment_size='' background_position='top center' background_repeat='no-repeat' highlight_size='1.1' fold_overlay_color='' fold_text_color='' fold_btn_color='light' fold_btn_bg_color='' fold_btn_font_color='' size-btn-text='' av-desktop-font-size-btn-text='' av-medium-font-size-btn-text='' av-small-font-size-btn-text='' av-mini-font-size-btn-text='' animation='left-to-right' animation_duration='' animation_custom_bg_color='' animation_z_index_curtain='100' parallax_parallax='' parallax_parallax_speed='' av-desktop-parallax_parallax='' av-desktop-parallax_parallax_speed='' av-medium-parallax_parallax='' av-medium-parallax_parallax_speed='' av-small-parallax_parallax='' av-small-parallax_parallax_speed='' av-mini-parallax_parallax='' av-mini-parallax_parallax_speed='' fold_timer='' z_index_fold='' css_position='' css_position_location=',,,' css_position_z_index='' av-desktop-css_position='' av-desktop-css_position_location=',,,' av-desktop-css_position_z_index='' av-medium-css_position='' av-medium-css_position_location=',,,' av-medium-css_position_z_index='' av-small-css_position='' av-small-css_position_location=',,,' av-small-css_position_z_index='' av-mini-css_position='' av-mini-css_position_location=',,,' av-mini-css_position_z_index='' link='' linktarget='' link_hover='' title_attr='' alt_attr='' mobile_display='' mobile_col_pos='0' id='' custom_class='' template_class='' aria_label='' av_uid='av-15uvjn' sc_version='1.0']\r\n\r\n[av_heading heading='Kurulu\u015fumuzdan itibaren \u00e7evre ve s\u00fcrd\u00fcr\u00fclebilirlik \u00e7al\u0131\u015fmalar\u0131yla sahip oldu\u011fumuz do\u011fan\u0131n korunmas\u0131nda \u00f6nemli bir rol \u00fcstleniyoruz.' tag='h1' style='blockquote modern-quote modern-centered' subheading_active='' show_icon='' icon='ue800' font='entypo-fontello' size='15' av-desktop-font-size-title='' av-medium-font-size-title='' av-small-font-size-title='' av-mini-font-size-title='' subheading_size='15' av-desktop-font-size='' av-medium-font-size='' av-small-font-size='' av-mini-font-size='' icon_size='' av-desktop-font-size-1='' av-medium-font-size-1='' av-small-font-size-1='' av-mini-font-size-1='' color='custom-color-heading' custom_font='#ffffff' subheading_color='' seperator_color='' icon_color='' margin='' margin_sync='true' av-desktop-margin='' av-desktop-margin_sync='true' av-medium-margin='' av-medium-margin_sync='true' av-small-margin='' av-small-margin_sync='true' av-mini-margin='' av-mini-margin_sync='true' headline_padding='' headline_padding_sync='true' av-desktop-headline_padding='' av-desktop-headline_padding_sync='true' av-medium-headline_padding='' av-medium-headline_padding_sync='true' av-small-headline_padding='' av-small-headline_padding_sync='true' av-mini-headline_padding='' av-mini-headline_padding_sync='true' padding='0' av-desktop-padding='' av-medium-padding='' av-small-padding='' av-mini-padding='' icon_padding='10' av-desktop-icon_padding='' av-medium-icon_padding='' av-small-icon_padding='' av-mini-icon_padding='' link='' link_target='' title_attr='' id='' custom_class='' template_class='' av_uid='av-158y9r' sc_version='1.0' admin_preview_bg=''][\/av_heading]\r\n\r\n[\/av_one_full]\r\n[\/av_section]\r\n\r\n[av_section min_height='' min_height_pc='25' min_height_px='500px' shadow='no-border-styling' bottom_border='no-border-styling' bottom_border_diagonal_color='#333333' bottom_border_diagonal_direction='' bottom_border_style='' padding='large' custom_margin='0px' custom_margin_sync='true' av-desktop-custom_margin='' av-desktop-custom_margin_sync='true' av-medium-custom_margin='' av-medium-custom_margin_sync='true' av-small-custom_margin='' av-small-custom_margin_sync='true' av-mini-custom_margin='' av-mini-custom_margin_sync='true' svg_div_top='' svg_div_top_color='#333333' svg_div_top_width='100' svg_div_top_height='50' svg_div_top_max_height='none' svg_div_top_opacity='' svg_div_bottom='' svg_div_bottom_color='#333333' svg_div_bottom_width='100' svg_div_bottom_height='50' svg_div_bottom_max_height='none' svg_div_bottom_opacity='' fold_type='' fold_height='' fold_more='Devam\u0131n\u0131 Oku' fold_less='Read less' fold_text_style='' fold_btn_align='' color='main_color' background='bg_color' custom_bg='' background_gradient_direction='vertical' background_gradient_color1='#000000' background_gradient_color2='#ffffff' background_gradient_color3='' src='' attachment='' attachment_size='' attach='scroll' position='bottom left' repeat='no-repeat' video='' video_ratio='16:9' overlay_opacity='0.5' overlay_color='' overlay_pattern='' overlay_custom_pattern='' custom_arrow_bg='' fold_overlay_color='' fold_text_color='' fold_btn_color='light' fold_btn_bg_color='' fold_btn_font_color='' size-btn-text='' av-desktop-font-size-btn-text='' av-medium-font-size-btn-text='' av-small-font-size-btn-text='' av-mini-font-size-btn-text='' fold_timer='' z_index_fold='' css_position_z_index='' av-desktop-css_position_z_index='' av-medium-css_position_z_index='' av-small-css_position_z_index='' av-mini-css_position_z_index='' id='' custom_class='' template_class='' aria_label='' av_element_hidden_in_editor='0' av_uid='av-13ctc7' sc_version='1.0']\r\n\r\n[av_three_fifth first min_height='' vertical_alignment='av-align-top' space='' row_boxshadow_width='10' row_boxshadow_color='' custom_margin='aviaTBcustom_margin' margin='30px,0px' av-desktop-margin='' av-desktop-margin_sync='true' av-medium-margin='' av-medium-margin_sync='true' av-small-margin='' av-small-margin_sync='true' av-mini-margin='' av-mini-margin_sync='true' mobile_breaking='' mobile_column_order='' border='' border_style='solid' border_color='' radius='' radius_sync='true' min_col_height='' padding='' padding_sync='true' av-desktop-padding='' av-desktop-padding_sync='true' av-medium-padding='' av-medium-padding_sync='true' av-small-padding='' av-small-padding_sync='true' av-mini-padding='' av-mini-padding_sync='true' svg_div_top='' svg_div_top_color='#333333' svg_div_top_width='100' svg_div_top_height='50' svg_div_top_max_height='none' svg_div_top_opacity='' svg_div_bottom='' svg_div_bottom_color='#333333' svg_div_bottom_width='100' svg_div_bottom_height='50' svg_div_bottom_max_height='none' svg_div_bottom_opacity='' fold_type='' fold_height='' fold_more='Devam\u0131n\u0131 Oku' fold_less='Read less' fold_text_style='' fold_btn_align='' column_boxshadow_width='10' column_boxshadow_color='' background='bg_color' background_color='' background_gradient_direction='vertical' background_gradient_color1='#000000' background_gradient_color2='#ffffff' background_gradient_color3='' src='' attachment='' attachment_size='' background_position='center left' background_repeat='stretch' highlight_size='1.1' fold_overlay_color='' fold_text_color='' fold_btn_color='light' fold_btn_bg_color='' fold_btn_font_color='' size-btn-text='' av-desktop-font-size-btn-text='' av-medium-font-size-btn-text='' av-small-font-size-btn-text='' av-mini-font-size-btn-text='' animation='' animation_duration='' animation_custom_bg_color='' animation_z_index_curtain='100' parallax_parallax='' parallax_parallax_speed='' av-desktop-parallax_parallax='' av-desktop-parallax_parallax_speed='' av-medium-parallax_parallax='' av-medium-parallax_parallax_speed='' av-small-parallax_parallax='' av-small-parallax_parallax_speed='' av-mini-parallax_parallax='' av-mini-parallax_parallax_speed='' fold_timer='' z_index_fold='' css_position='' css_position_location=',,,' css_position_z_index='' av-desktop-css_position='' av-desktop-css_position_location=',,,' av-desktop-css_position_z_index='' av-medium-css_position='' av-medium-css_position_location=',,,' av-medium-css_position_z_index='' av-small-css_position='' av-small-css_position_location=',,,' av-small-css_position_z_index='' av-mini-css_position='' av-mini-css_position_location=',,,' av-mini-css_position_z_index='' link='' linktarget='' link_hover='' title_attr='' alt_attr='' mobile_display='' mobile_col_pos='0' id='' custom_class='' template_class='' aria_label='' av_uid='av-lrcj' sc_version='1.0']\r\n\r\n[av_textblock fold_type='' fold_height='' fold_more='Devam\u0131n\u0131 Oku' fold_less='Read less' fold_text_style='' fold_btn_align='' textblock_styling_align='' textblock_styling='' textblock_styling_gap='' textblock_styling_mobile='' size='' av-desktop-font-size='' av-medium-font-size='' av-small-font-size='' av-mini-font-size='' font_color='' color='' fold_overlay_color='' fold_text_color='' fold_btn_color='light' fold_btn_bg_color='' fold_btn_font_color='' size-btn-text='' av-desktop-font-size-btn-text='' av-medium-font-size-btn-text='' av-small-font-size-btn-text='' av-mini-font-size-btn-text='' fold_timer='' z_index_fold='' id='' custom_class='' template_class='' av_uid='av-lwqxaha6' sc_version='1.0' admin_preview_bg='']\r\n<img loading=\"lazy\" decoding=\"async\" class=\"size-medium wp-image-383 hoverZoomLink aligncenter\" src=\"https:\/\/i0.wp.com\/www.marzinc.com.tr\/icerik\/uploads\/2024\/06\/mar-doga-koruyoruz.png?resize=300%2C160&#038;ssl=1\" alt=\"\" width=\"300\" height=\"160\" srcset=\"https:\/\/i0.wp.com\/www.marzinc.com.tr\/icerik\/uploads\/2024\/06\/mar-doga-koruyoruz.png?resize=300%2C160&amp;ssl=1 300w, https:\/\/i0.wp.com\/www.marzinc.com.tr\/icerik\/uploads\/2024\/06\/mar-doga-koruyoruz.png?resize=320%2C171&amp;ssl=1 320w, https:\/\/i0.wp.com\/www.marzinc.com.tr\/icerik\/uploads\/2024\/06\/mar-doga-koruyoruz.png?w=399&amp;ssl=1 399w\" sizes=\"auto, (max-width: 300px) 100vw, 300px\" data-recalc-dims=\"1\" \/>\r\n<blockquote>Sanayi kurulu\u015flar\u0131n\u0131n filitreleme y\u00f6ntemi ile biriktirdi\u011fi baca tozlar\u0131n\u0131 y\u00fcksek \u0131s\u0131l i\u015flem ve bir dizi prosesden ge\u00e7irerek \u00e7evreye zarars\u0131z hale getirir, i\u00e7eri\u011findeki \u00e7inko oksiti ekonomiye kazand\u0131r\u0131r\u0131z.\r\n\r\n\u0130leri ve modern bir teknolojiyle kurulan Marmara \u00c7inko Geri Kazan\u0131m d\u00fcnya \u00fczerindeki benzerlerine g\u00f6re \u00e7ok daha \u00e7evreci ve verimli bir \u015fekilde \u00fcretim yap\u0131yor.<\/blockquote>\r\n<div id=\"hzViewer\" style=\"background: none; line-height: 0px; overflow: hidden; padding: 10px 5px; position: absolute; z-index: 2147483647; visibility: visible; opacity: 1; top: 5px; left: 329px; width: auto; height: auto; cursor: pointer; pointer-events: none; display: none;\"><\/div>\r\n<div id=\"hzViewer\" style=\"background: none; line-height: 0px; overflow: hidden; padding: 10px 5px; position: absolute; z-index: 2147483647; visibility: visible; opacity: 1; top: 18px; left: 193px; width: auto; height: auto; cursor: pointer; pointer-events: none; display: none;\"><\/div>\r\n<\/br><\/br>\r\n[\/av_textblock]\r\n\r\n[av_headline_rotator before_rotating='Marzinc' after_rotating='' margin='20,,,' av-desktop-margin='' av-desktop-margin_sync='true' av-medium-margin='' av-medium-margin_sync='true' av-small-margin='' av-small-margin_sync='true' av-mini-margin='' av-mini-margin_sync='true' align='left' custom_title='#999999' size='20' av-desktop-font-size-title='' av-medium-font-size-title='' av-small-font-size-title='' av-mini-font-size-title='' tag='h3' interval='3' animation='' alb_description='' id='' custom_class='' template_class='' av_uid='av-lxbpa4f8' sc_version='1.0' admin_preview_bg='']\r\n[av_rotator_item title='insan odakl\u0131 \u00e7al\u0131\u015f\u0131r.' custom_title='' link='' linktarget='' title_attr='' av_uid='av-lxbpcsdk' sc_version='1.0']\r\n[av_rotator_item title='\u00e7evrecidir.' custom_title='' link='' linktarget='' title_attr='' av_uid='av-lxbpc6h2' sc_version='1.0']\r\n[av_rotator_item title='ekonomiye katk\u0131 sa\u011flar.' custom_title='' link='' linktarget='' title_attr='' av_uid='av-lxbpce8d' sc_version='1.0']\r\n[av_rotator_item title='geri d\u00f6n\u00fc\u015f\u00fcm\u00fc destekler.' custom_title='' link='' linktarget='' title_attr='' av_uid='av-lxbpcjmt' sc_version='1.0']\r\n[av_rotator_item title='s\u00fcrd\u00fcr\u00fclebilirdir.' custom_title='' link='' linktarget='' title_attr='' av_uid='av-lxbpcsdk-1' sc_version='1.0']\r\n[\/av_headline_rotator]\r\n\r\n[\/av_three_fifth][av_two_fifth min_height='' vertical_alignment='av-align-top' space='' row_boxshadow='' row_boxshadow_width='10' row_boxshadow_color='' custom_margin='' margin='0px' av-desktop-margin='' av-medium-margin='' av-small-margin='' av-mini-margin='' mobile_breaking='' mobile_column_order='' border='' border_style='solid' border_color='' radius='' min_col_height='' padding='' av-desktop-padding='' av-medium-padding='' av-small-padding='' av-mini-padding='' svg_div_top='' svg_div_top_color='#333333' svg_div_top_width='100' svg_div_top_height='50' svg_div_top_max_height='none' svg_div_top_flip='' svg_div_top_invert='' svg_div_top_front='' svg_div_top_opacity='' svg_div_top_preview='' svg_div_bottom='' svg_div_bottom_color='#333333' svg_div_bottom_width='100' svg_div_bottom_height='50' svg_div_bottom_max_height='none' svg_div_bottom_flip='' svg_div_bottom_invert='' svg_div_bottom_front='' svg_div_bottom_opacity='' svg_div_bottom_preview='' fold_type='' fold_height='' fold_more='Devam\u0131n\u0131 Oku' fold_less='Read less' fold_text_style='' fold_btn_align='' column_boxshadow='' column_boxshadow_width='10' column_boxshadow_color='' background='bg_color' background_color='' background_gradient_direction='vertical' background_gradient_color1='#000000' background_gradient_color2='#ffffff' background_gradient_color3='' src='' background_position='top left' background_repeat='no-repeat' highlight='' highlight_size='' fold_overlay_color='' fold_text_color='' fold_btn_color='theme-color' fold_btn_bg_color='' fold_btn_font_color='' size-btn-text='' av-desktop-font-size-btn-text='' av-medium-font-size-btn-text='' av-small-font-size-btn-text='' av-mini-font-size-btn-text='' animation='' animation_duration='' animation_custom_bg_color='' animation_z_index_curtain='100' parallax_parallax='' parallax_parallax_speed='' av-desktop-parallax_parallax='' av-desktop-parallax_parallax_speed='' av-medium-parallax_parallax='' av-medium-parallax_parallax_speed='' av-small-parallax_parallax='' av-small-parallax_parallax_speed='' av-mini-parallax_parallax='' av-mini-parallax_parallax_speed='' fold_timer='' z_index_fold='' css_position='' css_position_location='' css_position_z_index='' av-desktop-css_position='' av-desktop-css_position_location='' av-desktop-css_position_z_index='' av-medium-css_position='' av-medium-css_position_location='' av-medium-css_position_z_index='' av-small-css_position='' av-small-css_position_location='' av-small-css_position_z_index='' av-mini-css_position='' av-mini-css_position_location='' av-mini-css_position_z_index='' link='' linktarget='' link_hover='' title_attr='' alt_attr='' mobile_display='' mobile_col_pos='0' id='' custom_class='' template_class='' aria_label='' av_uid='av-5fcyn' sc_version='1.0']\r\n\r\n[av_icon_circles first_active='2' src='https:\/\/www.marzinc.com.tr\/icerik\/uploads\/2024\/06\/gerikazanim-circle.jpg' attachment='438' attachment_size='full' size-title='' av-desktop-font-size-title='' av-medium-font-size-title='' av-small-font-size-title='' av-mini-font-size-title='' size-desc='16' av-desktop-font-size-desc='' av-medium-font-size-desc='' av-small-font-size-desc='' av-mini-font-size-desc='' color_icons='' color_icons_bgr='' color_icons_hover='' color_icons_bgr_hover='#67cfbf' color_circle='' color_text='' color_text_bgr='' margin='' margin_sync='true' av-desktop-margin='' av-desktop-margin_sync='true' av-medium-margin='' av-medium-margin_sync='true' av-small-margin='' av-small-margin_sync='true' av-mini-margin='' av-mini-margin_sync='true' rotate='' alb_description='' id='' custom_class='' template_class='' av_uid='av-lwquo10c' sc_version='1.0' admin_preview_bg='rgb(255, 255, 255)']\r\n[av_icon_circle_item icon='ue8b2' font='entypo-fontello' title='Baca Tozu Olu\u015fumu' description='Demir-\u00c7elik \u00fcretimi sonucunda baca tozu olu\u015fur.' color_icon='#2c4687' color_icon_bgr='' color_icon_border='' color_icon_hover='#ffffff' color_icon_bgr_hover='#67cfbf' color_icon_border_hover='' link='' linktarget='' title_attr='' av_uid='av-1oxgf' sc_version='1.0' av-desktop-hide-desc='' av-medium-hide-desc='' av-small-hide-desc='' av-mini-hide-desc='']\r\n[av_icon_circle_item icon='ue8b8' font='entypo-fontello' title='Tozlar\u0131n Do\u011faya Sal\u0131n\u0131m\u0131 Engellenir' description='Demir-\u00c7elik \u00fcretimi sonucunda olu\u015fan zararl\u0131 baca tozlar\u0131 filtrelenerek do\u011faya sal\u0131n\u0131m\u0131 engellenir.' color_icon='#2c4687' color_icon_bgr='' color_icon_border='' color_icon_hover='#ffffff' color_icon_bgr_hover='#67cfbf' color_icon_border_hover='' link='' linktarget='' title_attr='' av_uid='av-lwqwgq55' sc_version='1.0' av-desktop-hide-desc='' av-medium-hide-desc='' av-small-hide-desc='' av-mini-hide-desc='']\r\n[av_icon_circle_item icon='ue889' font='entypo-fontello' title='G\u00fcvenli \u015eekilde Ta\u015f\u0131nmas\u0131' description='Filtrelenen baca tozlar\u0131n\u0131n g\u00fcvenli \u015fekilde geri kazan\u0131m tesisine ula\u015ft\u0131r\u0131lmas\u0131.' color_icon='#2c4687' color_icon_bgr='' color_icon_border='' color_icon_hover='#ffffff' color_icon_bgr_hover='' color_icon_border_hover='' link='' linktarget='' title_attr='' av_uid='av-50wfr' sc_version='1.0']\r\n[av_icon_circle_item icon='ue863' font='entypo-fontello' title='Ayr\u0131\u015ft\u0131rma' description='Tesiste y\u00fcksek \u0131s\u0131l i\u015flem ve bir dizi prosesin ard\u0131ndan baca tozu \u00e7evreye zarars\u0131z hale getirilir ve tozdan konsantre \u00e7inko oksit  ayr\u0131\u015ft\u0131r\u0131l\u0131r.' color_icon='#2c4687' color_icon_bgr='' color_icon_border='' color_icon_hover='#ffffff' color_icon_bgr_hover='' color_icon_border_hover='' link='' linktarget='' title_attr='' av_uid='av-4delr' sc_version='1.0' av-desktop-hide-desc='' av-medium-hide-desc='' av-small-hide-desc='' av-mini-hide-desc='']\r\n[av_icon_circle_item icon='ue8a8' font='entypo-fontello' title='Geri Kazan\u0131m' description='Metalik k\u00fcl\u00e7e \u00e7inko \u00fcretimi ger\u00e7ekle\u015ftirilir.' color_icon='#2c4687' color_icon_bgr='' color_icon_border='' color_icon_hover='#ffffff' color_icon_bgr_hover='' color_icon_border_hover='' link='' linktarget='' title_attr='' av_uid='av-3vywj' sc_version='1.0' av-desktop-hide-desc='' av-medium-hide-desc='' av-small-hide-desc='' av-mini-hide-desc='']\r\n[av_icon_circle_item icon='ue8da' font='entypo-fontello' title='End\u00fcstrinin Kullan\u0131m\u0131' description='Metalik \u00e7inko otomotiv, galvaniz ve ila\u00e7 sekt\u00f6r\u00fc ba\u015fta olmak \u00fczere end\u00fcstride t\u00fcketicinin kullan\u0131m\u0131 i\u00e7in \u00fcr\u00fcn haline getirilir.' color_icon='#2c4687' color_icon_bgr='' color_icon_border='' color_icon_hover='#ffffff' color_icon_bgr_hover='' color_icon_border_hover='' link='' linktarget='' title_attr='' av_uid='av-3f61j' sc_version='1.0' av-desktop-hide-desc='' av-medium-hide-desc='' av-small-hide-desc='' av-mini-hide-desc='']\r\n[av_icon_circle_item icon='ue80b' font='entypo-fontello' title='Tekrar Kullan\u0131m' description='\u00dcretilen \u00e7inko i\u00e7erikli \u00fcr\u00fcnlerin t\u00fcketici ile bulu\u015fmas\u0131 ve kullan\u0131lmas\u0131 ger\u00e7ekle\u015fir.' color_icon='#2c4687' color_icon_bgr='' color_icon_border='' color_icon_hover='#ffffff' color_icon_bgr_hover='' color_icon_border_hover='' link='' linktarget='' title_attr='' av_uid='av-2r0r3' sc_version='1.0' av-desktop-hide-desc='' av-medium-hide-desc='' av-small-hide-desc='' av-mini-hide-desc='']\r\n[av_icon_circle_item icon='ue894' font='entypo-fontello' title='Hurdaya D\u00f6n\u00fc\u015f\u00fcm' description='Faydal\u0131 \u00f6mr\u00fcn\u00fc tamamlayan maddeler yeniden hurdaya d\u00f6n\u00fc\u015f\u00fcr.' color_icon='#2c4687' color_icon_bgr='' color_icon_border='' color_icon_hover='#ffffff' color_icon_bgr_hover='' color_icon_border_hover='' link='' linktarget='' title_attr='' av_uid='av-25z6v' sc_version='1.0' av-desktop-hide-desc='' av-medium-hide-desc='' av-small-hide-desc='' av-mini-hide-desc='']\r\n[av_icon_circle_item icon='ue82e' font='entypo-fontello' title='Yeniden Kazan\u0131m \u0130\u00e7in Sevk' description='Hurdan\u0131n yeniden kazan\u0131m i\u00e7in demir-\u00e7elik fabrikas\u0131na sevk edilmesi.' color_icon='#2c4687' color_icon_bgr='' color_icon_border='' color_icon_hover='#ffffff' color_icon_bgr_hover='' color_icon_border_hover='' link='' linktarget='' title_attr='' av_uid='av-1oxgf-1' sc_version='1.0' av-desktop-hide-desc='' av-medium-hide-desc='' av-small-hide-desc='' av-mini-hide-desc='']\r\n[\/av_icon_circles]\r\n\r\n[\/av_two_fifth][\/av_section]\n","protected":false},"excerpt":{"rendered":"","protected":false},"author":1,"featured_media":0,"parent":0,"menu_order":0,"comment_status":"closed","ping_status":"closed","template":"","meta":{"footnotes":""},"class_list":["post-883","page","type-page","status-publish","hentry"],"jetpack_sharing_enabled":true,"_links":{"self":[{"href":"https:\/\/www.marzinc.com.tr\/en\/wp-json\/wp\/v2\/pages\/883","targetHints":{"allow":["GET"]}}],"collection":[{"href":"https:\/\/www.marzinc.com.tr\/en\/wp-json\/wp\/v2\/pages"}],"about":[{"href":"https:\/\/www.marzinc.com.tr\/en\/wp-json\/wp\/v2\/types\/page"}],"author":[{"embeddable":true,"href":"https:\/\/www.marzinc.com.tr\/en\/wp-json\/wp\/v2\/users\/1"}],"replies":[{"embeddable":true,"href":"https:\/\/www.marzinc.com.tr\/en\/wp-json\/wp\/v2\/comments?post=883"}],"version-history":[{"count":6,"href":"https:\/\/www.marzinc.com.tr\/en\/wp-json\/wp\/v2\/pages\/883\/revisions"}],"predecessor-version":[{"id":975,"href":"https:\/\/www.marzinc.com.tr\/en\/wp-json\/wp\/v2\/pages\/883\/revisions\/975"}],"wp:attachment":[{"href":"https:\/\/www.marzinc.com.tr\/en\/wp-json\/wp\/v2\/media?parent=883"}],"curies":[{"name":"wp","href":"https:\/\/api.w.org\/{rel}","templated":true}]}}